{"id":39459,"date":"2023-06-19T15:31:15","date_gmt":"2023-06-19T12:31:15","guid":{"rendered":"https:\/\/kulalilar.com.tr\/en\/urunlerimiz\/uncategorized\/mi-line-10x10-plastic-frame-floor-siphons\/"},"modified":"2023-06-19T15:31:15","modified_gmt":"2023-06-19T12:31:15","slug":"mi-line-10x10-plastic-frame-floor-siphons","status":"publish","type":"product","link":"https:\/\/kulalilar.com.tr\/en\/urunlerimiz\/plumbing\/mertinoks-plumbing\/floor-drains\/mi-line-10x10-plastic-frame-floor-siphons\/","title":{"rendered":"MI LINE 10X10 PLASTIC FRAME FLOOR SIPHONS"},"content":{"rendered":"<ul>\n<li><strong>Model\u00a0\u00a0\u00a0\u00a0\u00a0\u00a0\u00a0\u00a0 : <\/strong>Mi Line 10X10 Yer Sifonu<\/li>\n<li><strong>Stock Code Ve \u00c7ap\u0131\n<p><\/strong><\/li>\n<\/ul>\n<ol>\n<li>MI3012.2 \u2013\u00a0 <strong>( Q50 <\/strong><strong>)\u00a0<\/strong>Yandan \u00c7\u0131k\u0131\u015fl\u0131<strong>\n<p><\/strong><\/li>\n<li>MI3012.1 \u2013\u00a0 <strong>( Q32 <\/strong><strong>)\u00a0<\/strong>Yandan \u00c7\u0131k\u0131\u015fl\u0131<\/li>\n<li>MI3013.3 \u2013\u00a0 <strong>( Q50 <\/strong><strong>) <\/strong>Alttan \u00c7\u0131k\u0131\u015fl\u0131<\/li>\n<li>MI3013.4 \u2013\u00a0 <strong>( Q70 <\/strong><strong>) <\/strong>Alttan \u00c7\u0131k\u0131\u015fl\u0131<\/li>\n<\/ol>\n","protected":false},"excerpt":{"rendered":"<p>Model\u00a0\u00a0\u00a0\u00a0\u00a0\u00a0\u00a0\u00a0 : Mi Line 10X10 Yer Sifonu Stock Code Ve \u00c7ap\u0131 MI3012.2 \u2013\u00a0 ( Q50 )\u00a0Yandan \u00c7\u0131k\u0131\u015fl\u0131 MI3012.1 \u2013\u00a0 ( Q32 )\u00a0Yandan \u00c7\u0131k\u0131\u015fl\u0131 MI3013.3 \u2013\u00a0 ( Q50 ) Alttan \u00c7\u0131k\u0131\u015fl\u0131 MI3013.4 \u2013\u00a0 ( Q70 ) Alttan \u00c7\u0131k\u0131\u015fl\u0131<\/p>\n","protected":false},"featured_media":35456,"comment_status":"open","ping_status":"closed","template":"","meta":[],"product_brand":[],"product_cat":[323,321,291],"product_tag":[],"class_list":{"0":"post-39459","1":"product","2":"type-product","3":"status-publish","4":"has-post-thumbnail","6":"product_cat-floor-drains","7":"product_cat-mertinoks-plumbing","8":"product_cat-plumbing","10":"first","11":"instock","12":"shipping-taxable","13":"product-type-simple"},"aioseo_notices":[],"_links":{"self":[{"href":"https:\/\/kulalilar.com.tr\/en\/wp-json\/wp\/v2\/product\/39459","targetHints":{"allow":["GET"]}}],"collection":[{"href":"https:\/\/kulalilar.com.tr\/en\/wp-json\/wp\/v2\/product"}],"about":[{"href":"https:\/\/kulalilar.com.tr\/en\/wp-json\/wp\/v2\/types\/product"}],"replies":[{"embeddable":true,"href":"https:\/\/kulalilar.com.tr\/en\/wp-json\/wp\/v2\/comments?post=39459"}],"wp:featuredmedia":[{"embeddable":true,"href":"https:\/\/kulalilar.com.tr\/en\/wp-json\/wp\/v2\/media\/35456"}],"wp:attachment":[{"href":"https:\/\/kulalilar.com.tr\/en\/wp-json\/wp\/v2\/media?parent=39459"}],"wp:term":[{"taxonomy":"product_brand","embeddable":true,"href":"https:\/\/kulalilar.com.tr\/en\/wp-json\/wp\/v2\/product_brand?post=39459"},{"taxonomy":"product_cat","embeddable":true,"href":"https:\/\/kulalilar.com.tr\/en\/wp-json\/wp\/v2\/product_cat?post=39459"},{"taxonomy":"product_tag","embeddable":true,"href":"https:\/\/kulalilar.com.tr\/en\/wp-json\/wp\/v2\/product_tag?post=39459"}],"curies":[{"name":"wp","href":"https:\/\/api.w.org\/{rel}","templated":true}]}}